{"id":21,"date":"2022-05-02T20:36:38","date_gmt":"2022-05-02T20:36:38","guid":{"rendered":"https:\/\/monvalleyradio.com\/quebec\/?page_id=21"},"modified":"2022-05-02T20:47:28","modified_gmt":"2022-05-02T20:47:28","slug":"ios-privacy-policy","status":"publish","type":"page","link":"https:\/\/monvalleyradio.com\/quebec\/ios-privacy-policy\/","title":{"rendered":"IOS PRIVACY POLICY \/ POLITIQUE DE CONFIDENTIALIT\u00c9 IOS"},"content":{"rendered":"\t\t<div data-elementor-type=\"wp-page\" data-elementor-id=\"21\" class=\"elementor elementor-21\">\n\t\t\t\t\t\t<section class=\"elementor-section elementor-top-section elementor-element elementor-element-6c74990 elementor-section-height-full elementor-section-boxed elementor-section-height-default elementor-section-items-middle\" data-id=\"6c74990\" data-element_type=\"section\" data-e-type=\"section\" data-settings=\"{&quot;background_background&quot;:&quot;classic&quot;}\">\n\t\t\t\t\t\t<div class=\"elementor-container elementor-column-gap-default\">\n\t\t\t\t\t<div class=\"elementor-column elementor-col-100 elementor-top-column elementor-element elementor-element-1723f1a\" data-id=\"1723f1a\" data-element_type=\"column\" data-e-type=\"column\">\n\t\t\t<div class=\"elementor-widget-wrap elementor-element-populated\">\n\t\t\t\t\t\t<section class=\"elementor-section elementor-inner-section elementor-element elementor-element-87fa49f elementor-section-boxed elementor-section-height-default elementor-section-height-default\" data-id=\"87fa49f\" data-element_type=\"section\" data-e-type=\"section\">\n\t\t\t\t\t\t<div class=\"elementor-container elementor-column-gap-default\">\n\t\t\t\t\t<div class=\"elementor-column elementor-col-50 elementor-inner-column elementor-element elementor-element-f32f920\" data-id=\"f32f920\" data-element_type=\"column\" data-e-type=\"column\">\n\t\t\t<div class=\"elementor-widget-wrap elementor-element-populated\">\n\t\t\t\t\t\t<div class=\"elementor-element elementor-element-66a2cca elementor-widget elementor-widget-heading\" data-id=\"66a2cca\" data-element_type=\"widget\" data-e-type=\"widget\" data-widget_type=\"heading.default\">\n\t\t\t\t<div class=\"elementor-widget-container\">\n\t\t\t\t\t<h2 class=\"elementor-heading-title elementor-size-default\">IOS PRIVACY POLICY<\/h2>\t\t\t\t<\/div>\n\t\t\t\t<\/div>\n\t\t\t\t<div class=\"elementor-element elementor-element-829e0a2 elementor-widget elementor-widget-text-editor\" data-id=\"829e0a2\" data-element_type=\"widget\" data-e-type=\"widget\" data-widget_type=\"text-editor.default\">\n\t\t\t\t<div class=\"elementor-widget-container\">\n\t\t\t\t\t\t\t\t\t<p>The Mon Valley Radio iOS App does not collect any user data when installed or launched on your device.<\/p><p>For further questions about our Website Privacy Policy, Please Click on the Privacy link at the bottom of the page.<\/p><p>Thank You for Visiting Mon Valley Radio.com!<\/p>\t\t\t\t\t\t\t\t<\/div>\n\t\t\t\t<\/div>\n\t\t\t\t\t<\/div>\n\t\t<\/div>\n\t\t\t\t<div class=\"elementor-column elementor-col-50 elementor-inner-column elementor-element elementor-element-6eb8a08\" data-id=\"6eb8a08\" data-element_type=\"column\" data-e-type=\"column\">\n\t\t\t<div class=\"elementor-widget-wrap elementor-element-populated\">\n\t\t\t\t\t\t<div class=\"elementor-element elementor-element-1c087da elementor-widget elementor-widget-heading\" data-id=\"1c087da\" data-element_type=\"widget\" data-e-type=\"widget\" data-widget_type=\"heading.default\">\n\t\t\t\t<div class=\"elementor-widget-container\">\n\t\t\t\t\t<h2 class=\"elementor-heading-title elementor-size-default\">POLITIQUE DE CONFIDENTIALIT\u00c9 IOS<\/h2>\t\t\t\t<\/div>\n\t\t\t\t<\/div>\n\t\t\t\t<div class=\"elementor-element elementor-element-9e02675 elementor-widget elementor-widget-text-editor\" data-id=\"9e02675\" data-element_type=\"widget\" data-e-type=\"widget\" data-widget_type=\"text-editor.default\">\n\t\t\t\t<div class=\"elementor-widget-container\">\n\t\t\t\t\t\t\t\t\t<p>L&#8217;application iOS Mon Valley Radio ne collecte aucune donn\u00e9e utilisateur lorsqu&#8217;elle est install\u00e9e ou lanc\u00e9e sur votre appareil.<\/p><p>Pour d&#8217;autres questions sur notre politique de confidentialit\u00e9 du site Web, veuillez cliquer sur le lien Confidentialit\u00e9 au bas de la page.<\/p><p>Merci d&#8217;avoir visit\u00e9 Mon Valley Radio.com !<\/p>\t\t\t\t\t\t\t\t<\/div>\n\t\t\t\t<\/div>\n\t\t\t\t\t<\/div>\n\t\t<\/div>\n\t\t\t\t\t<\/div>\n\t\t<\/section>\n\t\t\t\t\t<\/div>\n\t\t<\/div>\n\t\t\t\t\t<\/div>\n\t\t<\/section>\n\t\t\t\t<\/div>\n\t\t","protected":false},"excerpt":{"rendered":"<p>IOS PRIVACY POLICY The Mon Valley Radio iOS App does not collect any user data when installed or launched on your device. For further questions about our Website Privacy Policy, Please Click on the Privacy link at the bottom of the page. Thank You for Visiting Mon Valley Radio.com! POLITIQUE DE CONFIDENTIALIT\u00c9 IOS L&#8217;application iOS [&hellip;]<\/p>\n","protected":false},"author":1,"featured_media":0,"parent":0,"menu_order":0,"comment_status":"closed","ping_status":"closed","template":"","meta":{"ocean_post_layout":"full-screen","ocean_both_sidebars_style":"","ocean_both_sidebars_content_width":0,"ocean_both_sidebars_sidebars_width":0,"ocean_sidebar":"0","ocean_second_sidebar":"0","ocean_disable_margins":"on","ocean_add_body_class":"","ocean_shortcode_before_top_bar":"","ocean_shortcode_after_top_bar":"","ocean_shortcode_before_header":"","ocean_shortcode_after_header":"","ocean_has_shortcode":"","ocean_shortcode_after_title":"","ocean_shortcode_before_footer_widgets":"","ocean_shortcode_after_footer_widgets":"","ocean_shortcode_before_footer_bottom":"","ocean_shortcode_after_footer_bottom":"","ocean_display_top_bar":"off","ocean_display_header":"off","ocean_header_style":"","ocean_center_header_left_menu":"0","ocean_custom_header_template":"0","ocean_custom_logo":0,"ocean_custom_retina_logo":0,"ocean_custom_logo_max_width":0,"ocean_custom_logo_tablet_max_width":0,"ocean_custom_logo_mobile_max_width":0,"ocean_custom_logo_max_height":0,"ocean_custom_logo_tablet_max_height":0,"ocean_custom_logo_mobile_max_height":0,"ocean_header_custom_menu":"0","ocean_menu_typo_font_family":"0","ocean_menu_typo_font_subset":"","ocean_menu_typo_font_size":0,"ocean_menu_typo_font_size_tablet":0,"ocean_menu_typo_font_size_mobile":0,"ocean_menu_typo_font_size_unit":"px","ocean_menu_typo_font_weight":"","ocean_menu_typo_font_weight_tablet":"","ocean_menu_typo_font_weight_mobile":"","ocean_menu_typo_transform":"","ocean_menu_typo_transform_tablet":"","ocean_menu_typo_transform_mobile":"","ocean_menu_typo_line_height":0,"ocean_menu_typo_line_height_tablet":0,"ocean_menu_typo_line_height_mobile":0,"ocean_menu_typo_line_height_unit":"","ocean_menu_typo_spacing":0,"ocean_menu_typo_spacing_tablet":0,"ocean_menu_typo_spacing_mobile":0,"ocean_menu_typo_spacing_unit":"","ocean_menu_link_color":"","ocean_menu_link_color_hover":"","ocean_menu_link_color_active":"","ocean_menu_link_background":"","ocean_menu_link_hover_background":"","ocean_menu_link_active_background":"","ocean_menu_social_links_bg":"","ocean_menu_social_hover_links_bg":"","ocean_menu_social_links_color":"","ocean_menu_social_hover_links_color":"","ocean_disable_title":"on","ocean_disable_heading":"default","ocean_post_title":"","ocean_post_subheading":"","ocean_post_title_style":"","ocean_post_title_background_color":"","ocean_post_title_background":0,"ocean_post_title_bg_image_position":"","ocean_post_title_bg_image_attachment":"","ocean_post_title_bg_image_repeat":"","ocean_post_title_bg_image_size":"","ocean_post_title_height":0,"ocean_post_title_bg_overlay":0.5,"ocean_post_title_bg_overlay_color":"","ocean_disable_breadcrumbs":"default","ocean_breadcrumbs_color":"","ocean_breadcrumbs_separator_color":"","ocean_breadcrumbs_links_color":"","ocean_breadcrumbs_links_hover_color":"","ocean_display_footer_widgets":"off","ocean_display_footer_bottom":"on","ocean_custom_footer_template":"0","footnotes":""},"class_list":["post-21","page","type-page","status-publish","hentry","entry"],"yoast_head":"<!-- This site is optimized with the Yoast SEO plugin v27.4 - https:\/\/yoast.com\/product\/yoast-seo-wordpress\/ -->\n<title>IOS PRIVACY POLICY \/ POLITIQUE DE CONFIDENTIALIT\u00c9 IOS - Mon Valley Radio Quebec<\/title>\n<meta name=\"robots\" content=\"index, follow, max-snippet:-1, max-image-preview:large, max-video-preview:-1\" \/>\n<link rel=\"canonical\" href=\"https:\/\/monvalleyradio.com\/quebec\/ios-privacy-policy\/\" \/>\n<meta property=\"og:locale\" content=\"en_US\" \/>\n<meta property=\"og:type\" content=\"article\" \/>\n<meta property=\"og:title\" content=\"IOS PRIVACY POLICY \/ POLITIQUE DE CONFIDENTIALIT\u00c9 IOS - Mon Valley Radio Quebec\" \/>\n<meta property=\"og:description\" content=\"IOS PRIVACY POLICY The Mon Valley Radio iOS App does not collect any user data when installed or launched on your device. For further questions about our Website Privacy Policy, Please Click on the Privacy link at the bottom of the page. Thank You for Visiting Mon Valley Radio.com! POLITIQUE DE CONFIDENTIALIT\u00c9 IOS L&#8217;application iOS [&hellip;]\" \/>\n<meta property=\"og:url\" content=\"https:\/\/monvalleyradio.com\/quebec\/ios-privacy-policy\/\" \/>\n<meta property=\"og:site_name\" content=\"Mon Valley Radio Quebec\" \/>\n<meta property=\"article:modified_time\" content=\"2022-05-02T20:47:28+00:00\" \/>\n<meta name=\"twitter:card\" content=\"summary_large_image\" \/>\n<meta name=\"twitter:label1\" content=\"Est. reading time\" \/>\n\t<meta name=\"twitter:data1\" content=\"1 minute\" \/>\n<script type=\"application\/ld+json\" class=\"yoast-schema-graph\">{\"@context\":\"https:\\\/\\\/schema.org\",\"@graph\":[{\"@type\":\"WebPage\",\"@id\":\"https:\\\/\\\/monvalleyradio.com\\\/quebec\\\/ios-privacy-policy\\\/\",\"url\":\"https:\\\/\\\/monvalleyradio.com\\\/quebec\\\/ios-privacy-policy\\\/\",\"name\":\"IOS PRIVACY POLICY \\\/ POLITIQUE DE CONFIDENTIALIT\u00c9 IOS - Mon Valley Radio Quebec\",\"isPartOf\":{\"@id\":\"https:\\\/\\\/monvalleyradio.com\\\/quebec\\\/#website\"},\"datePublished\":\"2022-05-02T20:36:38+00:00\",\"dateModified\":\"2022-05-02T20:47:28+00:00\",\"breadcrumb\":{\"@id\":\"https:\\\/\\\/monvalleyradio.com\\\/quebec\\\/ios-privacy-policy\\\/#breadcrumb\"},\"inLanguage\":\"en-US\",\"potentialAction\":[{\"@type\":\"ReadAction\",\"target\":[\"https:\\\/\\\/monvalleyradio.com\\\/quebec\\\/ios-privacy-policy\\\/\"]}]},{\"@type\":\"BreadcrumbList\",\"@id\":\"https:\\\/\\\/monvalleyradio.com\\\/quebec\\\/ios-privacy-policy\\\/#breadcrumb\",\"itemListElement\":[{\"@type\":\"ListItem\",\"position\":1,\"name\":\"Home\",\"item\":\"https:\\\/\\\/monvalleyradio.com\\\/quebec\\\/\"},{\"@type\":\"ListItem\",\"position\":2,\"name\":\"IOS PRIVACY POLICY \\\/ POLITIQUE DE CONFIDENTIALIT\u00c9 IOS\"}]},{\"@type\":\"WebSite\",\"@id\":\"https:\\\/\\\/monvalleyradio.com\\\/quebec\\\/#website\",\"url\":\"https:\\\/\\\/monvalleyradio.com\\\/quebec\\\/\",\"name\":\"Mon Valley Radio Quebec\",\"description\":\"Best Rock Metal EDM Dubstep There Is\",\"potentialAction\":[{\"@type\":\"SearchAction\",\"target\":{\"@type\":\"EntryPoint\",\"urlTemplate\":\"https:\\\/\\\/monvalleyradio.com\\\/quebec\\\/?s={search_term_string}\"},\"query-input\":{\"@type\":\"PropertyValueSpecification\",\"valueRequired\":true,\"valueName\":\"search_term_string\"}}],\"inLanguage\":\"en-US\"}]}<\/script>\n<!-- \/ Yoast SEO plugin. -->","yoast_head_json":{"title":"IOS PRIVACY POLICY \/ POLITIQUE DE CONFIDENTIALIT\u00c9 IOS - Mon Valley Radio Quebec","robots":{"index":"index","follow":"follow","max-snippet":"max-snippet:-1","max-image-preview":"max-image-preview:large","max-video-preview":"max-video-preview:-1"},"canonical":"https:\/\/monvalleyradio.com\/quebec\/ios-privacy-policy\/","og_locale":"en_US","og_type":"article","og_title":"IOS PRIVACY POLICY \/ POLITIQUE DE CONFIDENTIALIT\u00c9 IOS - Mon Valley Radio Quebec","og_description":"IOS PRIVACY POLICY The Mon Valley Radio iOS App does not collect any user data when installed or launched on your device. For further questions about our Website Privacy Policy, Please Click on the Privacy link at the bottom of the page. Thank You for Visiting Mon Valley Radio.com! POLITIQUE DE CONFIDENTIALIT\u00c9 IOS L&#8217;application iOS [&hellip;]","og_url":"https:\/\/monvalleyradio.com\/quebec\/ios-privacy-policy\/","og_site_name":"Mon Valley Radio Quebec","article_modified_time":"2022-05-02T20:47:28+00:00","twitter_card":"summary_large_image","twitter_misc":{"Est. reading time":"1 minute"},"schema":{"@context":"https:\/\/schema.org","@graph":[{"@type":"WebPage","@id":"https:\/\/monvalleyradio.com\/quebec\/ios-privacy-policy\/","url":"https:\/\/monvalleyradio.com\/quebec\/ios-privacy-policy\/","name":"IOS PRIVACY POLICY \/ POLITIQUE DE CONFIDENTIALIT\u00c9 IOS - Mon Valley Radio Quebec","isPartOf":{"@id":"https:\/\/monvalleyradio.com\/quebec\/#website"},"datePublished":"2022-05-02T20:36:38+00:00","dateModified":"2022-05-02T20:47:28+00:00","breadcrumb":{"@id":"https:\/\/monvalleyradio.com\/quebec\/ios-privacy-policy\/#breadcrumb"},"inLanguage":"en-US","potentialAction":[{"@type":"ReadAction","target":["https:\/\/monvalleyradio.com\/quebec\/ios-privacy-policy\/"]}]},{"@type":"BreadcrumbList","@id":"https:\/\/monvalleyradio.com\/quebec\/ios-privacy-policy\/#breadcrumb","itemListElement":[{"@type":"ListItem","position":1,"name":"Home","item":"https:\/\/monvalleyradio.com\/quebec\/"},{"@type":"ListItem","position":2,"name":"IOS PRIVACY POLICY \/ POLITIQUE DE CONFIDENTIALIT\u00c9 IOS"}]},{"@type":"WebSite","@id":"https:\/\/monvalleyradio.com\/quebec\/#website","url":"https:\/\/monvalleyradio.com\/quebec\/","name":"Mon Valley Radio Quebec","description":"Best Rock Metal EDM Dubstep There Is","potentialAction":[{"@type":"SearchAction","target":{"@type":"EntryPoint","urlTemplate":"https:\/\/monvalleyradio.com\/quebec\/?s={search_term_string}"},"query-input":{"@type":"PropertyValueSpecification","valueRequired":true,"valueName":"search_term_string"}}],"inLanguage":"en-US"}]}},"jetpack_sharing_enabled":true,"_links":{"self":[{"href":"https:\/\/monvalleyradio.com\/quebec\/wp-json\/wp\/v2\/pages\/21","targetHints":{"allow":["GET"]}}],"collection":[{"href":"https:\/\/monvalleyradio.com\/quebec\/wp-json\/wp\/v2\/pages"}],"about":[{"href":"https:\/\/monvalleyradio.com\/quebec\/wp-json\/wp\/v2\/types\/page"}],"author":[{"embeddable":true,"href":"https:\/\/monvalleyradio.com\/quebec\/wp-json\/wp\/v2\/users\/1"}],"replies":[{"embeddable":true,"href":"https:\/\/monvalleyradio.com\/quebec\/wp-json\/wp\/v2\/comments?post=21"}],"version-history":[{"count":5,"href":"https:\/\/monvalleyradio.com\/quebec\/wp-json\/wp\/v2\/pages\/21\/revisions"}],"predecessor-version":[{"id":119,"href":"https:\/\/monvalleyradio.com\/quebec\/wp-json\/wp\/v2\/pages\/21\/revisions\/119"}],"wp:attachment":[{"href":"https:\/\/monvalleyradio.com\/quebec\/wp-json\/wp\/v2\/media?parent=21"}],"curies":[{"name":"wp","href":"https:\/\/api.w.org\/{rel}","templated":true}]}}