{"id":25,"date":"2022-05-01T19:18:41","date_gmt":"2022-05-01T19:18:41","guid":{"rendered":"https:\/\/monvalleyradio.com\/quebec\/?page_id=25"},"modified":"2023-11-16T22:28:06","modified_gmt":"2023-11-17T03:28:06","slug":"privacy","status":"publish","type":"page","link":"https:\/\/monvalleyradio.com\/quebec\/privacy\/","title":{"rendered":"PRIVACY \/ INTIMIT\u00c9"},"content":{"rendered":"\t\t<div data-elementor-type=\"wp-page\" data-elementor-id=\"25\" class=\"elementor elementor-25\">\n\t\t\t\t\t\t<section class=\"elementor-section elementor-top-section elementor-element elementor-element-5388644 elementor-section-boxed elementor-section-height-default elementor-section-height-default\" data-id=\"5388644\" data-element_type=\"section\" data-e-type=\"section\" data-settings=\"{&quot;background_background&quot;:&quot;classic&quot;}\">\n\t\t\t\t\t\t<div class=\"elementor-container elementor-column-gap-default\">\n\t\t\t\t\t<div class=\"elementor-column elementor-col-100 elementor-top-column elementor-element elementor-element-dbaada2\" data-id=\"dbaada2\" data-element_type=\"column\" data-e-type=\"column\">\n\t\t\t<div class=\"elementor-widget-wrap elementor-element-populated\">\n\t\t\t\t\t\t<section class=\"elementor-section elementor-inner-section elementor-element elementor-element-f4d686a elementor-section-boxed elementor-section-height-default elementor-section-height-default\" data-id=\"f4d686a\" data-element_type=\"section\" data-e-type=\"section\">\n\t\t\t\t\t\t<div class=\"elementor-container elementor-column-gap-default\">\n\t\t\t\t\t<div class=\"elementor-column elementor-col-50 elementor-inner-column elementor-element elementor-element-f11a37c\" data-id=\"f11a37c\" data-element_type=\"column\" data-e-type=\"column\">\n\t\t\t<div class=\"elementor-widget-wrap elementor-element-populated\">\n\t\t\t\t\t\t<div class=\"elementor-element elementor-element-1851fb7 elementor-widget elementor-widget-text-editor\" data-id=\"1851fb7\" data-element_type=\"widget\" data-e-type=\"widget\" data-widget_type=\"text-editor.default\">\n\t\t\t\t<div class=\"elementor-widget-container\">\n\t\t\t\t\t\t\t\t\t<p>Privacy Notice:<\/p><p>Attention!<\/p><p>We only use Browser cookies so your Browser can display our pages properly.<\/p><p>We also have IOS, ANDROID and STREAMING privacy policies on our Menu Bar if you wish to view them also.<\/p><p>We currently Do Not store ANY personally identifiable information about you when you visit ANY PART of this website. The Only information we would receive from you would be your email address IF you had emailed us First with an inquiry. If we do start collecting information in the future, this beginning statement Will Be Removed and the below statements will go into effect. We urge You to check back frequently to see if this above statement is still in effect.<\/p><p>This privacy notice discloses the privacy practices for Mon Valley Radio. This privacy notice applies solely to information collected by this website. It will notify you upon request by you and proof of who you are, the following:<br \/>1.What personally identifiable information is collected from you through the website, how it is used and with whom it may be shared.<br \/>2.What choices are available to you regarding the use of your data.<br \/>3.The security procedures in place to protect the misuse of your information.<br \/>4.How you can correct any inaccuracies in the information.<\/p><p>Information Collection, Use, and Sharing<br \/>We are the sole owners of the information collected on this site. We only have access to\/collect information that you voluntarily give us via email or other direct contact from you. We will not sell or rent this information to anyone.<\/p><p>We will use your information to respond to you, regarding the reason you contacted us. We will not share your information with any third party outside of our organization, other than as necessary to fulfill your request, e.g. to ship an order or are legally bound by a Court Order to surrender such information.<\/p><p>Unless you ask us not to, we may contact you via email in the future to tell you about specials, new products or services, or changes to this privacy policy.<\/p><p>Your Access to and Control Over Information<br \/>You may opt out of any future contacts from us at any time. You can do the following at any time by contacting us via the email address given on our website:<br \/>\u2022See what data we have about you, if any.<br \/>\u2022Change\/correct any data we have about you.<br \/>\u2022Have us delete any data we have about you.<br \/>\u2022Express any concern you have about our use of your data.<\/p><p>Security<br \/>We take precautions to protect your information. When you submit sensitive information via the website, your information is protected both online and offline.<\/p><p>Wherever we collect sensitive information (such as credit card data), that information is encrypted and transmitted to us in a secure way. You can verify this by looking for a lock icon in the address bar and looking for &#8220;https&#8221; at the beginning of the address of the Web page.<\/p><p>While we use encryption to protect sensitive information transmitted online, we also protect your information offline. Only employees who need the information to perform a specific job (for example, billing or customer service) are granted access to personally identifiable information. The computers\/servers in which we store personally identifiable information are kept in a secure environment.<\/p><p>If you feel that we are not abiding by this privacy policy, you should contact us immediately via email to:<br \/>admin@monvalleyradio.com<\/p>\t\t\t\t\t\t\t\t<\/div>\n\t\t\t\t<\/div>\n\t\t\t\t\t<\/div>\n\t\t<\/div>\n\t\t\t\t<div class=\"elementor-column elementor-col-50 elementor-inner-column elementor-element elementor-element-4a77b6e\" data-id=\"4a77b6e\" data-element_type=\"column\" data-e-type=\"column\">\n\t\t\t<div class=\"elementor-widget-wrap elementor-element-populated\">\n\t\t\t\t\t\t<div class=\"elementor-element elementor-element-a9109ef elementor-widget elementor-widget-text-editor\" data-id=\"a9109ef\" data-element_type=\"widget\" data-e-type=\"widget\" data-widget_type=\"text-editor.default\">\n\t\t\t\t<div class=\"elementor-widget-container\">\n\t\t\t\t\t\t\t\t\t<p>Avis de confidentialit\u00e9:<\/p><p>Attention!<\/p><p>Nous utilisons uniquement des cookies de navigateur afin que votre navigateur puisse afficher correctement nos pages.<\/p><p>Nous avons \u00e9galement des politiques de confidentialit\u00e9 IOS, ANDROID et STREAMING sur notre barre de menus si vous souhaitez \u00e9galement les consulter.<\/p><p>Actuellement, nous ne stockons AUCUNE information personnellement identifiable vous concernant lorsque vous visitez TOUTE PARTIE de ce site Web. La seule information que nous recevrons de votre part serait votre adresse e-mail SI vous nous aviez d&#8217;abord envoy\u00e9 un e-mail avec une demande de renseignements. Si nous commen\u00e7ons \u00e0 collecter des informations \u00e0 l&#8217;avenir, cette d\u00e9claration initiale sera supprim\u00e9e et les d\u00e9clarations ci-dessous entreront en vigueur. Nous vous invitons \u00e0 v\u00e9rifier fr\u00e9quemment pour voir si cette d\u00e9claration ci-dessus est toujours en vigueur.<\/p><p>Cet avis de confidentialit\u00e9 divulgue les pratiques de confidentialit\u00e9 de Mon Valley Radio. Cet avis de confidentialit\u00e9 s&#8217;applique uniquement aux informations collect\u00e9es par ce site Web. Il vous notifiera sur demande de votre part et preuve de qui vous \u00eates, ce qui suit :<br \/>1. Quelles informations personnellement identifiables sont collect\u00e9es aupr\u00e8s de vous via le site Web, comment elles sont utilis\u00e9es et avec qui elles peuvent \u00eatre partag\u00e9es.<br \/>2. Quels sont les choix qui s&#8217;offrent \u00e0 vous concernant l&#8217;utilisation de vos donn\u00e9es.<br \/>3.Les proc\u00e9dures de s\u00e9curit\u00e9 en place pour prot\u00e9ger l&#8217;utilisation abusive de vos informations.<br \/>4. Comment vous pouvez corriger toute inexactitude dans les informations.<\/p><p>Collecte, utilisation et partage d&#8217;informations<br \/>Nous sommes les seuls propri\u00e9taires des informations recueillies sur ce site. Nous n&#8217;avons acc\u00e8s\/collectons que les informations que vous nous fournissez volontairement par e-mail ou par tout autre contact direct de votre part. Nous ne vendrons ni ne louerons ces informations \u00e0 personne.<\/p><p>Nous utiliserons vos informations pour vous r\u00e9pondre, concernant la raison pour laquelle vous nous avez contact\u00e9s. Nous ne partagerons pas vos informations avec des tiers en dehors de notre organisation, sauf si n\u00e9cessaire pour r\u00e9pondre \u00e0 votre demande, par ex. d&#8217;exp\u00e9dier une commande ou sont l\u00e9galement tenus par une ordonnance du tribunal de remettre ces informations.<\/p><p>\u00c0 moins que vous ne nous demandiez de ne pas le faire, nous pourrons vous contacter par e-mail \u00e0 l&#8217;avenir pour vous informer des offres sp\u00e9ciales, des nouveaux produits ou services, ou des modifications apport\u00e9es \u00e0 cette politique de confidentialit\u00e9.<\/p><p>Votre acc\u00e8s aux informations et votre contr\u00f4le sur celles-ci<br \/>Vous pouvez vous d\u00e9sinscrire de tout contact futur de notre part \u00e0 tout moment. Vous pouvez faire ce qui suit \u00e0 tout moment en nous contactant via l&#8217;adresse e-mail indiqu\u00e9e sur notre site Web :<br \/>\u2022 Voir quelles donn\u00e9es nous avons sur vous, le cas \u00e9ch\u00e9ant.<br \/>\u2022 Modifier\/corriger toutes les donn\u00e9es que nous avons sur vous.<br \/>\u2022 Faites-nous supprimer toutes les donn\u00e9es que nous avons sur vous.<br \/>\u2022 Exprimez toute pr\u00e9occupation que vous avez concernant notre utilisation de vos donn\u00e9es.<\/p><p>S\u00e9curit\u00e9<br \/>Nous prenons des pr\u00e9cautions pour prot\u00e9ger vos informations. Lorsque vous soumettez des informations sensibles via le site Web, vos informations sont prot\u00e9g\u00e9es \u00e0 la fois en ligne et hors ligne.<\/p><p>Partout o\u00f9 nous recueillons des informations sensibles (telles que les donn\u00e9es de carte de cr\u00e9dit), ces informations sont crypt\u00e9es et nous sont transmises de mani\u00e8re s\u00e9curis\u00e9e. Vous pouvez le v\u00e9rifier en recherchant une ic\u00f4ne de cadenas dans la barre d&#8217;adresse et en recherchant &#8220;https&#8221; au d\u00e9but de l&#8217;adresse de la page Web.<\/p><p>Alors que nous utilisons le cryptage pour prot\u00e9ger les informations sensibles transmises en ligne, nous prot\u00e9geons \u00e9galement vos informations hors ligne. Seuls les employ\u00e9s qui ont besoin des informations pour effectuer un travail sp\u00e9cifique (par exemple, la facturation ou le service client) ont acc\u00e8s aux informations personnellement identifiables. Les ordinateurs\/serveurs dans lesquels nous stockons des informations personnellement identifiables sont conserv\u00e9s dans un environnement s\u00e9curis\u00e9.<\/p><p>Si vous estimez que nous ne respectons pas cette politique de confidentialit\u00e9, vous devez nous contacter imm\u00e9diatement par e-mail \u00e0\u00a0:<br \/>admin@monvalleyradio.com<\/p>\t\t\t\t\t\t\t\t<\/div>\n\t\t\t\t<\/div>\n\t\t\t\t\t<\/div>\n\t\t<\/div>\n\t\t\t\t\t<\/div>\n\t\t<\/section>\n\t\t\t\t\t<\/div>\n\t\t<\/div>\n\t\t\t\t\t<\/div>\n\t\t<\/section>\n\t\t\t\t<\/div>\n\t\t","protected":false},"excerpt":{"rendered":"<p>Privacy Notice: Attention! We only use Browser cookies so your Browser can display our pages properly. We also have IOS, ANDROID and STREAMING privacy policies on our Menu Bar if you wish to view them also. We currently Do Not store ANY personally identifiable information about you when you visit ANY PART of this website. [&hellip;]<\/p>\n","protected":false},"author":1,"featured_media":0,"parent":0,"menu_order":0,"comment_status":"closed","ping_status":"closed","template":"","meta":{"ocean_post_layout":"full-screen","ocean_both_sidebars_style":"","ocean_both_sidebars_content_width":0,"ocean_both_sidebars_sidebars_width":0,"ocean_sidebar":"0","ocean_second_sidebar":"0","ocean_disable_margins":"on","ocean_add_body_class":"","ocean_shortcode_before_top_bar":"","ocean_shortcode_after_top_bar":"","ocean_shortcode_before_header":"","ocean_shortcode_after_header":"","ocean_has_shortcode":"","ocean_shortcode_after_title":"","ocean_shortcode_before_footer_widgets":"","ocean_shortcode_after_footer_widgets":"","ocean_shortcode_before_footer_bottom":"","ocean_shortcode_after_footer_bottom":"","ocean_display_top_bar":"off","ocean_display_header":"off","ocean_header_style":"","ocean_center_header_left_menu":"0","ocean_custom_header_template":"0","ocean_custom_logo":0,"ocean_custom_retina_logo":0,"ocean_custom_logo_max_width":0,"ocean_custom_logo_tablet_max_width":0,"ocean_custom_logo_mobile_max_width":0,"ocean_custom_logo_max_height":0,"ocean_custom_logo_tablet_max_height":0,"ocean_custom_logo_mobile_max_height":0,"ocean_header_custom_menu":"0","ocean_menu_typo_font_family":"0","ocean_menu_typo_font_subset":"","ocean_menu_typo_font_size":0,"ocean_menu_typo_font_size_tablet":0,"ocean_menu_typo_font_size_mobile":0,"ocean_menu_typo_font_size_unit":"px","ocean_menu_typo_font_weight":"","ocean_menu_typo_font_weight_tablet":"","ocean_menu_typo_font_weight_mobile":"","ocean_menu_typo_transform":"","ocean_menu_typo_transform_tablet":"","ocean_menu_typo_transform_mobile":"","ocean_menu_typo_line_height":0,"ocean_menu_typo_line_height_tablet":0,"ocean_menu_typo_line_height_mobile":0,"ocean_menu_typo_line_height_unit":"","ocean_menu_typo_spacing":0,"ocean_menu_typo_spacing_tablet":0,"ocean_menu_typo_spacing_mobile":0,"ocean_menu_typo_spacing_unit":"","ocean_menu_link_color":"","ocean_menu_link_color_hover":"","ocean_menu_link_color_active":"","ocean_menu_link_background":"","ocean_menu_link_hover_background":"","ocean_menu_link_active_background":"","ocean_menu_social_links_bg":"","ocean_menu_social_hover_links_bg":"","ocean_menu_social_links_color":"","ocean_menu_social_hover_links_color":"","ocean_disable_title":"on","ocean_disable_heading":"default","ocean_post_title":"","ocean_post_subheading":"","ocean_post_title_style":"","ocean_post_title_background_color":"","ocean_post_title_background":0,"ocean_post_title_bg_image_position":"","ocean_post_title_bg_image_attachment":"","ocean_post_title_bg_image_repeat":"","ocean_post_title_bg_image_size":"","ocean_post_title_height":0,"ocean_post_title_bg_overlay":0.5,"ocean_post_title_bg_overlay_color":"","ocean_disable_breadcrumbs":"default","ocean_breadcrumbs_color":"","ocean_breadcrumbs_separator_color":"","ocean_breadcrumbs_links_color":"","ocean_breadcrumbs_links_hover_color":"","ocean_display_footer_widgets":"off","ocean_display_footer_bottom":"on","ocean_custom_footer_template":"0","footnotes":""},"class_list":["post-25","page","type-page","status-publish","hentry","entry"],"yoast_head":"<!-- This site is optimized with the Yoast SEO plugin v27.4 - https:\/\/yoast.com\/product\/yoast-seo-wordpress\/ -->\n<title>PRIVACY \/ INTIMIT\u00c9 - Mon Valley Radio Quebec<\/title>\n<meta name=\"robots\" content=\"index, follow, max-snippet:-1, max-image-preview:large, max-video-preview:-1\" \/>\n<link rel=\"canonical\" href=\"https:\/\/monvalleyradio.com\/quebec\/privacy\/\" \/>\n<meta property=\"og:locale\" content=\"en_US\" \/>\n<meta property=\"og:type\" content=\"article\" \/>\n<meta property=\"og:title\" content=\"PRIVACY \/ INTIMIT\u00c9 - Mon Valley Radio Quebec\" \/>\n<meta property=\"og:description\" content=\"Privacy Notice: Attention! We only use Browser cookies so your Browser can display our pages properly. We also have IOS, ANDROID and STREAMING privacy policies on our Menu Bar if you wish to view them also. We currently Do Not store ANY personally identifiable information about you when you visit ANY PART of this website. [&hellip;]\" \/>\n<meta property=\"og:url\" content=\"https:\/\/monvalleyradio.com\/quebec\/privacy\/\" \/>\n<meta property=\"og:site_name\" content=\"Mon Valley Radio Quebec\" \/>\n<meta property=\"article:modified_time\" content=\"2023-11-17T03:28:06+00:00\" \/>\n<meta name=\"twitter:card\" content=\"summary_large_image\" \/>\n<meta name=\"twitter:label1\" content=\"Est. reading time\" \/>\n\t<meta name=\"twitter:data1\" content=\"6 minutes\" \/>\n<script type=\"application\/ld+json\" class=\"yoast-schema-graph\">{\"@context\":\"https:\\\/\\\/schema.org\",\"@graph\":[{\"@type\":\"WebPage\",\"@id\":\"https:\\\/\\\/monvalleyradio.com\\\/quebec\\\/privacy\\\/\",\"url\":\"https:\\\/\\\/monvalleyradio.com\\\/quebec\\\/privacy\\\/\",\"name\":\"PRIVACY \\\/ INTIMIT\u00c9 - Mon Valley Radio Quebec\",\"isPartOf\":{\"@id\":\"https:\\\/\\\/monvalleyradio.com\\\/quebec\\\/#website\"},\"datePublished\":\"2022-05-01T19:18:41+00:00\",\"dateModified\":\"2023-11-17T03:28:06+00:00\",\"breadcrumb\":{\"@id\":\"https:\\\/\\\/monvalleyradio.com\\\/quebec\\\/privacy\\\/#breadcrumb\"},\"inLanguage\":\"en-US\",\"potentialAction\":[{\"@type\":\"ReadAction\",\"target\":[\"https:\\\/\\\/monvalleyradio.com\\\/quebec\\\/privacy\\\/\"]}]},{\"@type\":\"BreadcrumbList\",\"@id\":\"https:\\\/\\\/monvalleyradio.com\\\/quebec\\\/privacy\\\/#breadcrumb\",\"itemListElement\":[{\"@type\":\"ListItem\",\"position\":1,\"name\":\"Home\",\"item\":\"https:\\\/\\\/monvalleyradio.com\\\/quebec\\\/\"},{\"@type\":\"ListItem\",\"position\":2,\"name\":\"PRIVACY \\\/ INTIMIT\u00c9\"}]},{\"@type\":\"WebSite\",\"@id\":\"https:\\\/\\\/monvalleyradio.com\\\/quebec\\\/#website\",\"url\":\"https:\\\/\\\/monvalleyradio.com\\\/quebec\\\/\",\"name\":\"Mon Valley Radio Quebec\",\"description\":\"Best Rock Metal EDM Dubstep There Is\",\"potentialAction\":[{\"@type\":\"SearchAction\",\"target\":{\"@type\":\"EntryPoint\",\"urlTemplate\":\"https:\\\/\\\/monvalleyradio.com\\\/quebec\\\/?s={search_term_string}\"},\"query-input\":{\"@type\":\"PropertyValueSpecification\",\"valueRequired\":true,\"valueName\":\"search_term_string\"}}],\"inLanguage\":\"en-US\"}]}<\/script>\n<!-- \/ Yoast SEO plugin. -->","yoast_head_json":{"title":"PRIVACY \/ INTIMIT\u00c9 - Mon Valley Radio Quebec","robots":{"index":"index","follow":"follow","max-snippet":"max-snippet:-1","max-image-preview":"max-image-preview:large","max-video-preview":"max-video-preview:-1"},"canonical":"https:\/\/monvalleyradio.com\/quebec\/privacy\/","og_locale":"en_US","og_type":"article","og_title":"PRIVACY \/ INTIMIT\u00c9 - Mon Valley Radio Quebec","og_description":"Privacy Notice: Attention! We only use Browser cookies so your Browser can display our pages properly. We also have IOS, ANDROID and STREAMING privacy policies on our Menu Bar if you wish to view them also. We currently Do Not store ANY personally identifiable information about you when you visit ANY PART of this website. [&hellip;]","og_url":"https:\/\/monvalleyradio.com\/quebec\/privacy\/","og_site_name":"Mon Valley Radio Quebec","article_modified_time":"2023-11-17T03:28:06+00:00","twitter_card":"summary_large_image","twitter_misc":{"Est. reading time":"6 minutes"},"schema":{"@context":"https:\/\/schema.org","@graph":[{"@type":"WebPage","@id":"https:\/\/monvalleyradio.com\/quebec\/privacy\/","url":"https:\/\/monvalleyradio.com\/quebec\/privacy\/","name":"PRIVACY \/ INTIMIT\u00c9 - Mon Valley Radio Quebec","isPartOf":{"@id":"https:\/\/monvalleyradio.com\/quebec\/#website"},"datePublished":"2022-05-01T19:18:41+00:00","dateModified":"2023-11-17T03:28:06+00:00","breadcrumb":{"@id":"https:\/\/monvalleyradio.com\/quebec\/privacy\/#breadcrumb"},"inLanguage":"en-US","potentialAction":[{"@type":"ReadAction","target":["https:\/\/monvalleyradio.com\/quebec\/privacy\/"]}]},{"@type":"BreadcrumbList","@id":"https:\/\/monvalleyradio.com\/quebec\/privacy\/#breadcrumb","itemListElement":[{"@type":"ListItem","position":1,"name":"Home","item":"https:\/\/monvalleyradio.com\/quebec\/"},{"@type":"ListItem","position":2,"name":"PRIVACY \/ INTIMIT\u00c9"}]},{"@type":"WebSite","@id":"https:\/\/monvalleyradio.com\/quebec\/#website","url":"https:\/\/monvalleyradio.com\/quebec\/","name":"Mon Valley Radio Quebec","description":"Best Rock Metal EDM Dubstep There Is","potentialAction":[{"@type":"SearchAction","target":{"@type":"EntryPoint","urlTemplate":"https:\/\/monvalleyradio.com\/quebec\/?s={search_term_string}"},"query-input":{"@type":"PropertyValueSpecification","valueRequired":true,"valueName":"search_term_string"}}],"inLanguage":"en-US"}]}},"jetpack_sharing_enabled":true,"_links":{"self":[{"href":"https:\/\/monvalleyradio.com\/quebec\/wp-json\/wp\/v2\/pages\/25","targetHints":{"allow":["GET"]}}],"collection":[{"href":"https:\/\/monvalleyradio.com\/quebec\/wp-json\/wp\/v2\/pages"}],"about":[{"href":"https:\/\/monvalleyradio.com\/quebec\/wp-json\/wp\/v2\/types\/page"}],"author":[{"embeddable":true,"href":"https:\/\/monvalleyradio.com\/quebec\/wp-json\/wp\/v2\/users\/1"}],"replies":[{"embeddable":true,"href":"https:\/\/monvalleyradio.com\/quebec\/wp-json\/wp\/v2\/comments?post=25"}],"version-history":[{"count":8,"href":"https:\/\/monvalleyradio.com\/quebec\/wp-json\/wp\/v2\/pages\/25\/revisions"}],"predecessor-version":[{"id":383,"href":"https:\/\/monvalleyradio.com\/quebec\/wp-json\/wp\/v2\/pages\/25\/revisions\/383"}],"wp:attachment":[{"href":"https:\/\/monvalleyradio.com\/quebec\/wp-json\/wp\/v2\/media?parent=25"}],"curies":[{"name":"wp","href":"https:\/\/api.w.org\/{rel}","templated":true}]}}