{"id":14,"date":"2022-04-27T21:11:27","date_gmt":"2022-04-27T21:11:27","guid":{"rendered":"https:\/\/monvalleyradio.com\/regina\/?page_id=14"},"modified":"2023-06-25T22:11:45","modified_gmt":"2023-06-26T02:11:45","slug":"about-us","status":"publish","type":"page","link":"https:\/\/monvalleyradio.com\/regina\/about-us\/","title":{"rendered":"ABOUT US \/ \u00c0 PROPOS DE NOUS"},"content":{"rendered":"\t\t<div data-elementor-type=\"wp-page\" data-elementor-id=\"14\" class=\"elementor elementor-14\">\n\t\t\t\t\t\t<section class=\"elementor-section elementor-top-section elementor-element elementor-element-1f68ac6 elementor-section-height-full elementor-section-items-top elementor-section-boxed elementor-section-height-default\" data-id=\"1f68ac6\" data-element_type=\"section\" data-e-type=\"section\" data-settings=\"{&quot;background_background&quot;:&quot;classic&quot;}\">\n\t\t\t\t\t\t<div class=\"elementor-container elementor-column-gap-default\">\n\t\t\t\t\t<div class=\"elementor-column elementor-col-100 elementor-top-column elementor-element elementor-element-95dd6f2\" data-id=\"95dd6f2\" data-element_type=\"column\" data-e-type=\"column\">\n\t\t\t<div class=\"elementor-widget-wrap elementor-element-populated\">\n\t\t\t\t\t\t<section class=\"elementor-section elementor-inner-section elementor-element elementor-element-246194e elementor-section-boxed elementor-section-height-default elementor-section-height-default\" data-id=\"246194e\" data-element_type=\"section\" data-e-type=\"section\">\n\t\t\t\t\t\t<div class=\"elementor-container elementor-column-gap-default\">\n\t\t\t\t\t<div class=\"elementor-column elementor-col-50 elementor-inner-column elementor-element elementor-element-99f0adf\" data-id=\"99f0adf\" data-element_type=\"column\" data-e-type=\"column\">\n\t\t\t<div class=\"elementor-widget-wrap elementor-element-populated\">\n\t\t\t\t\t\t<div class=\"elementor-element elementor-element-a2a9a3f elementor-widget elementor-widget-heading\" data-id=\"a2a9a3f\" data-element_type=\"widget\" data-e-type=\"widget\" data-widget_type=\"heading.default\">\n\t\t\t\t<div class=\"elementor-widget-container\">\n\t\t\t\t\t<h2 class=\"elementor-heading-title elementor-size-default\">ABOUT US<\/h2>\t\t\t\t<\/div>\n\t\t\t\t<\/div>\n\t\t\t\t<div class=\"elementor-element elementor-element-b27ae87 elementor-widget elementor-widget-text-editor\" data-id=\"b27ae87\" data-element_type=\"widget\" data-e-type=\"widget\" data-widget_type=\"text-editor.default\">\n\t\t\t\t<div class=\"elementor-widget-container\">\n\t\t\t\t\t\t\t\t\t<h6>We are an International, Fully Licensed, Internet, Commercial Radio Station designed specifically with YOU in mind and Promoted in the Countries of:<\/h6><h6>The United States, Canada, The United Kingdom and Ukraine. The Cities of: Los Angeles, Pittsburgh, New York, Chicago, Dallas, San Francisco, Denver, Phoenix, Edmonton, Newfoundland, Nova Scotia, Quebec, Regina, St. Johns, Toronto, Vacouver, Whitehorse, Winnipeg, London, and so many more!<\/h6><h6>Also serving the local\u00a0 Communities of Our Early Beginnings: Charleroi, Monessen, Belle Vernon, Donora, Monongahela, New Eagle, Bentleyville, Allenport, Pricedale, Perryopolis, Fayette City, California, Stockdale, Roscoe, Coal Center, Brownsville and all points in between!<\/h6><h6>We&#8217;re playing OVER 5 DECADES of ALL GENRE&#8217;S of Music. We also have a Sunday Morning and Wednesday Evening Service for Shut-ins and Friends.<\/h6><h6>\u00a0A Daily Adult Talk Show with Tons of Fun and: much, much, more!<\/h6><h6>Our aim is to give ALL SMALL BUSINESSES in these Cities and Communities the chance to Advertise their business on our Station Pages without having to pay an arm and a leg.<\/h6>\t\t\t\t\t\t\t\t<\/div>\n\t\t\t\t<\/div>\n\t\t\t\t\t<\/div>\n\t\t<\/div>\n\t\t\t\t<div class=\"elementor-column elementor-col-50 elementor-inner-column elementor-element elementor-element-ee2190f\" data-id=\"ee2190f\" data-element_type=\"column\" data-e-type=\"column\">\n\t\t\t<div class=\"elementor-widget-wrap elementor-element-populated\">\n\t\t\t\t\t\t<div class=\"elementor-element elementor-element-f5bfed0 elementor-widget elementor-widget-heading\" data-id=\"f5bfed0\" data-element_type=\"widget\" data-e-type=\"widget\" data-widget_type=\"heading.default\">\n\t\t\t\t<div class=\"elementor-widget-container\">\n\t\t\t\t\t<h2 class=\"elementor-heading-title elementor-size-default\">\u00c0 propos de nous<\/h2>\t\t\t\t<\/div>\n\t\t\t\t<\/div>\n\t\t\t\t<div class=\"elementor-element elementor-element-8c77905 elementor-widget elementor-widget-text-editor\" data-id=\"8c77905\" data-element_type=\"widget\" data-e-type=\"widget\" data-widget_type=\"text-editor.default\">\n\t\t\t\t<div class=\"elementor-widget-container\">\n\t\t\t\t\t\t\t\t\t<h6 class=\"J0lOec\"><span class=\"VIiyi\" lang=\"fr\"><span class=\"JLqJ4b\" data-language-for-alternatives=\"fr\" data-language-to-translate-into=\"en\" data-phrase-index=\"0\" data-number-of-phrases=\"1\"><span class=\"Q4iAWc\">Nous sommes une station de radio commerciale Internet enti\u00e8rement sous licence, con\u00e7ue sp\u00e9cifiquement pour VOUS et promue dans les pays de\u00a0:<\/span><\/span><\/span><\/h6><h6 class=\"J0lOec\"><span class=\"VIiyi\" lang=\"fr\"><span class=\"JLqJ4b\" data-language-for-alternatives=\"fr\" data-language-to-translate-into=\"en\" data-phrase-index=\"0\" data-number-of-phrases=\"1\"><span class=\"Q4iAWc\"> Les \u00c9tats-Unis, le Canada, le Royaume-Uni et l&#8217;Ukraine. Les villes de : Los Angeles, Pittsburgh, New York, Chicago, Dallas, San Francisco, Denver, Phoenix, Edmonton, Terre-Neuve, Nouvelle-\u00c9cosse, Qu\u00e9bec, Regina, St. Johns, Toronto, Vacouver, Cheval Blanc, Winnipeg, Londres et tellement plus! <\/span><\/span><\/span><\/h6><h6 class=\"J0lOec\"><span class=\"VIiyi\" lang=\"fr\"><span class=\"JLqJ4b\" data-language-for-alternatives=\"fr\" data-language-to-translate-into=\"en\" data-phrase-index=\"0\" data-number-of-phrases=\"1\"><span class=\"Q4iAWc\">Desservant \u00e9galement les communaut\u00e9s locales de nos premiers d\u00e9buts\u00a0: Charleroi, Monessen, Belle Vernon, Donora, Monongahela, New Eagle, Bentleyville, Allenport, Pricedale, Perryopolis, Fayette City, Californie, Stockdale, Roscoe, Coal Center, Brownsville et tous les points interm\u00e9diaires ! <\/span><\/span><\/span><\/h6><h6 class=\"J0lOec\"><span class=\"VIiyi\" lang=\"fr\"><span class=\"JLqJ4b\" data-language-for-alternatives=\"fr\" data-language-to-translate-into=\"en\" data-phrase-index=\"0\" data-number-of-phrases=\"1\"><span class=\"Q4iAWc\">Nous jouons PLUS DE 5 D\u00c9CENNIES de TOUS LES GENRES de musique. Nous avons \u00e9galement un service du dimanche matin et du mercredi soir pour les proches et les amis. <\/span><\/span><\/span><\/h6><h6 class=\"J0lOec\"><span class=\"VIiyi\" lang=\"fr\"><span class=\"JLqJ4b\" data-language-for-alternatives=\"fr\" data-language-to-translate-into=\"en\" data-phrase-index=\"0\" data-number-of-phrases=\"1\"><span class=\"Q4iAWc\">Un talk-show quotidien pour adultes avec des tonnes de plaisir et : beaucoup, beaucoup, plus ! <\/span><\/span><\/span><\/h6><h6 class=\"J0lOec\"><span class=\"VIiyi\" lang=\"fr\"><span class=\"JLqJ4b\" data-language-for-alternatives=\"fr\" data-language-to-translate-into=\"en\" data-phrase-index=\"0\" data-number-of-phrases=\"1\"><span class=\"Q4iAWc\">Notre objectif est de donner \u00e0 TOUTES LES PETITES ENTREPRISES de ces villes et communaut\u00e9s la possibilit\u00e9 de faire de la publicit\u00e9 pour leur entreprise sur nos pages de stations sans avoir \u00e0 payer un bras et une jambe.<\/span><\/span><\/span><\/h6><div class=\"UdTY9 Yb6eTe\" aria-hidden=\"true\" data-location=\"2\"><h6 class=\"kO6q6e\">\u00a0<\/h6><\/div>\t\t\t\t\t\t\t\t<\/div>\n\t\t\t\t<\/div>\n\t\t\t\t\t<\/div>\n\t\t<\/div>\n\t\t\t\t\t<\/div>\n\t\t<\/section>\n\t\t\t\t\t<\/div>\n\t\t<\/div>\n\t\t\t\t\t<\/div>\n\t\t<\/section>\n\t\t\t\t<\/div>\n\t\t","protected":false},"excerpt":{"rendered":"<p>ABOUT US We are an International, Fully Licensed, Internet, Commercial Radio Station designed specifically with YOU in mind and Promoted in the Countries of: The United States, Canada, The United Kingdom and Ukraine. The Cities of: Los Angeles, Pittsburgh, New York, Chicago, Dallas, San Francisco, Denver, Phoenix, Edmonton, Newfoundland, Nova Scotia, Quebec, Regina, St. Johns, [&hellip;]<\/p>\n","protected":false},"author":1,"featured_media":0,"parent":0,"menu_order":0,"comment_status":"closed","ping_status":"closed","template":"","meta":{"ocean_post_layout":"full-screen","ocean_both_sidebars_style":"","ocean_both_sidebars_content_width":0,"ocean_both_sidebars_sidebars_width":0,"ocean_sidebar":"0","ocean_second_sidebar":"0","ocean_disable_margins":"on","ocean_add_body_class":"","ocean_shortcode_before_top_bar":"","ocean_shortcode_after_top_bar":"","ocean_shortcode_before_header":"","ocean_shortcode_after_header":"","ocean_has_shortcode":"","ocean_shortcode_after_title":"","ocean_shortcode_before_footer_widgets":"","ocean_shortcode_after_footer_widgets":"","ocean_shortcode_before_footer_bottom":"","ocean_shortcode_after_footer_bottom":"","ocean_display_top_bar":"off","ocean_display_header":"off","ocean_header_style":"","ocean_center_header_left_menu":"0","ocean_custom_header_template":"0","ocean_custom_logo":0,"ocean_custom_retina_logo":0,"ocean_custom_logo_max_width":0,"ocean_custom_logo_tablet_max_width":0,"ocean_custom_logo_mobile_max_width":0,"ocean_custom_logo_max_height":0,"ocean_custom_logo_tablet_max_height":0,"ocean_custom_logo_mobile_max_height":0,"ocean_header_custom_menu":"0","ocean_menu_typo_font_family":"0","ocean_menu_typo_font_subset":"","ocean_menu_typo_font_size":0,"ocean_menu_typo_font_size_tablet":0,"ocean_menu_typo_font_size_mobile":0,"ocean_menu_typo_font_size_unit":"px","ocean_menu_typo_font_weight":"","ocean_menu_typo_font_weight_tablet":"","ocean_menu_typo_font_weight_mobile":"","ocean_menu_typo_transform":"","ocean_menu_typo_transform_tablet":"","ocean_menu_typo_transform_mobile":"","ocean_menu_typo_line_height":0,"ocean_menu_typo_line_height_tablet":0,"ocean_menu_typo_line_height_mobile":0,"ocean_menu_typo_line_height_unit":"","ocean_menu_typo_spacing":0,"ocean_menu_typo_spacing_tablet":0,"ocean_menu_typo_spacing_mobile":0,"ocean_menu_typo_spacing_unit":"","ocean_menu_link_color":"","ocean_menu_link_color_hover":"","ocean_menu_link_color_active":"","ocean_menu_link_background":"","ocean_menu_link_hover_background":"","ocean_menu_link_active_background":"","ocean_menu_social_links_bg":"","ocean_menu_social_hover_links_bg":"","ocean_menu_social_links_color":"","ocean_menu_social_hover_links_color":"","ocean_disable_title":"on","ocean_disable_heading":"default","ocean_post_title":"","ocean_post_subheading":"","ocean_post_title_style":"","ocean_post_title_background_color":"","ocean_post_title_background":0,"ocean_post_title_bg_image_position":"","ocean_post_title_bg_image_attachment":"","ocean_post_title_bg_image_repeat":"","ocean_post_title_bg_image_size":"","ocean_post_title_height":0,"ocean_post_title_bg_overlay":0.5,"ocean_post_title_bg_overlay_color":"","ocean_disable_breadcrumbs":"default","ocean_breadcrumbs_color":"","ocean_breadcrumbs_separator_color":"","ocean_breadcrumbs_links_color":"","ocean_breadcrumbs_links_hover_color":"","ocean_display_footer_widgets":"off","ocean_display_footer_bottom":"on","ocean_custom_footer_template":"0","footnotes":""},"class_list":["post-14","page","type-page","status-publish","hentry","entry"],"yoast_head":"<!-- This site is optimized with the Yoast SEO plugin v27.4 - https:\/\/yoast.com\/product\/yoast-seo-wordpress\/ -->\n<title>ABOUT US \/ \u00c0 PROPOS DE NOUS - Mon Valley Radio Regina<\/title>\n<meta name=\"robots\" content=\"index, follow, max-snippet:-1, max-image-preview:large, max-video-preview:-1\" \/>\n<link rel=\"canonical\" href=\"https:\/\/monvalleyradio.com\/regina\/about-us\/\" \/>\n<meta property=\"og:locale\" content=\"en_US\" \/>\n<meta property=\"og:type\" content=\"article\" \/>\n<meta property=\"og:title\" content=\"ABOUT US \/ \u00c0 PROPOS DE NOUS - Mon Valley Radio Regina\" \/>\n<meta property=\"og:description\" content=\"ABOUT US We are an International, Fully Licensed, Internet, Commercial Radio Station designed specifically with YOU in mind and Promoted in the Countries of: The United States, Canada, The United Kingdom and Ukraine. The Cities of: Los Angeles, Pittsburgh, New York, Chicago, Dallas, San Francisco, Denver, Phoenix, Edmonton, Newfoundland, Nova Scotia, Quebec, Regina, St. Johns, [&hellip;]\" \/>\n<meta property=\"og:url\" content=\"https:\/\/monvalleyradio.com\/regina\/about-us\/\" \/>\n<meta property=\"og:site_name\" content=\"Mon Valley Radio Regina\" \/>\n<meta property=\"article:modified_time\" content=\"2023-06-26T02:11:45+00:00\" \/>\n<meta name=\"twitter:card\" content=\"summary_large_image\" \/>\n<meta name=\"twitter:label1\" content=\"Est. reading time\" \/>\n\t<meta name=\"twitter:data1\" content=\"2 minutes\" \/>\n<script type=\"application\/ld+json\" class=\"yoast-schema-graph\">{\"@context\":\"https:\\\/\\\/schema.org\",\"@graph\":[{\"@type\":\"WebPage\",\"@id\":\"https:\\\/\\\/monvalleyradio.com\\\/regina\\\/about-us\\\/\",\"url\":\"https:\\\/\\\/monvalleyradio.com\\\/regina\\\/about-us\\\/\",\"name\":\"ABOUT US \\\/ \u00c0 PROPOS DE NOUS - Mon Valley Radio Regina\",\"isPartOf\":{\"@id\":\"https:\\\/\\\/monvalleyradio.com\\\/regina\\\/#website\"},\"datePublished\":\"2022-04-27T21:11:27+00:00\",\"dateModified\":\"2023-06-26T02:11:45+00:00\",\"breadcrumb\":{\"@id\":\"https:\\\/\\\/monvalleyradio.com\\\/regina\\\/about-us\\\/#breadcrumb\"},\"inLanguage\":\"en-US\",\"potentialAction\":[{\"@type\":\"ReadAction\",\"target\":[\"https:\\\/\\\/monvalleyradio.com\\\/regina\\\/about-us\\\/\"]}]},{\"@type\":\"BreadcrumbList\",\"@id\":\"https:\\\/\\\/monvalleyradio.com\\\/regina\\\/about-us\\\/#breadcrumb\",\"itemListElement\":[{\"@type\":\"ListItem\",\"position\":1,\"name\":\"Home\",\"item\":\"https:\\\/\\\/monvalleyradio.com\\\/regina\\\/\"},{\"@type\":\"ListItem\",\"position\":2,\"name\":\"ABOUT US \\\/ \u00c0 PROPOS DE NOUS\"}]},{\"@type\":\"WebSite\",\"@id\":\"https:\\\/\\\/monvalleyradio.com\\\/regina\\\/#website\",\"url\":\"https:\\\/\\\/monvalleyradio.com\\\/regina\\\/\",\"name\":\"Mon Valley Radio Regina\",\"description\":\"Best Rock Metal EDM Dubstep There Is\",\"potentialAction\":[{\"@type\":\"SearchAction\",\"target\":{\"@type\":\"EntryPoint\",\"urlTemplate\":\"https:\\\/\\\/monvalleyradio.com\\\/regina\\\/?s={search_term_string}\"},\"query-input\":{\"@type\":\"PropertyValueSpecification\",\"valueRequired\":true,\"valueName\":\"search_term_string\"}}],\"inLanguage\":\"en-US\"}]}<\/script>\n<!-- \/ Yoast SEO plugin. -->","yoast_head_json":{"title":"ABOUT US \/ \u00c0 PROPOS DE NOUS - Mon Valley Radio Regina","robots":{"index":"index","follow":"follow","max-snippet":"max-snippet:-1","max-image-preview":"max-image-preview:large","max-video-preview":"max-video-preview:-1"},"canonical":"https:\/\/monvalleyradio.com\/regina\/about-us\/","og_locale":"en_US","og_type":"article","og_title":"ABOUT US \/ \u00c0 PROPOS DE NOUS - Mon Valley Radio Regina","og_description":"ABOUT US We are an International, Fully Licensed, Internet, Commercial Radio Station designed specifically with YOU in mind and Promoted in the Countries of: The United States, Canada, The United Kingdom and Ukraine. The Cities of: Los Angeles, Pittsburgh, New York, Chicago, Dallas, San Francisco, Denver, Phoenix, Edmonton, Newfoundland, Nova Scotia, Quebec, Regina, St. Johns, [&hellip;]","og_url":"https:\/\/monvalleyradio.com\/regina\/about-us\/","og_site_name":"Mon Valley Radio Regina","article_modified_time":"2023-06-26T02:11:45+00:00","twitter_card":"summary_large_image","twitter_misc":{"Est. reading time":"2 minutes"},"schema":{"@context":"https:\/\/schema.org","@graph":[{"@type":"WebPage","@id":"https:\/\/monvalleyradio.com\/regina\/about-us\/","url":"https:\/\/monvalleyradio.com\/regina\/about-us\/","name":"ABOUT US \/ \u00c0 PROPOS DE NOUS - Mon Valley Radio Regina","isPartOf":{"@id":"https:\/\/monvalleyradio.com\/regina\/#website"},"datePublished":"2022-04-27T21:11:27+00:00","dateModified":"2023-06-26T02:11:45+00:00","breadcrumb":{"@id":"https:\/\/monvalleyradio.com\/regina\/about-us\/#breadcrumb"},"inLanguage":"en-US","potentialAction":[{"@type":"ReadAction","target":["https:\/\/monvalleyradio.com\/regina\/about-us\/"]}]},{"@type":"BreadcrumbList","@id":"https:\/\/monvalleyradio.com\/regina\/about-us\/#breadcrumb","itemListElement":[{"@type":"ListItem","position":1,"name":"Home","item":"https:\/\/monvalleyradio.com\/regina\/"},{"@type":"ListItem","position":2,"name":"ABOUT US \/ \u00c0 PROPOS DE NOUS"}]},{"@type":"WebSite","@id":"https:\/\/monvalleyradio.com\/regina\/#website","url":"https:\/\/monvalleyradio.com\/regina\/","name":"Mon Valley Radio Regina","description":"Best Rock Metal EDM Dubstep There Is","potentialAction":[{"@type":"SearchAction","target":{"@type":"EntryPoint","urlTemplate":"https:\/\/monvalleyradio.com\/regina\/?s={search_term_string}"},"query-input":{"@type":"PropertyValueSpecification","valueRequired":true,"valueName":"search_term_string"}}],"inLanguage":"en-US"}]}},"jetpack_sharing_enabled":true,"_links":{"self":[{"href":"https:\/\/monvalleyradio.com\/regina\/wp-json\/wp\/v2\/pages\/14","targetHints":{"allow":["GET"]}}],"collection":[{"href":"https:\/\/monvalleyradio.com\/regina\/wp-json\/wp\/v2\/pages"}],"about":[{"href":"https:\/\/monvalleyradio.com\/regina\/wp-json\/wp\/v2\/types\/page"}],"author":[{"embeddable":true,"href":"https:\/\/monvalleyradio.com\/regina\/wp-json\/wp\/v2\/users\/1"}],"replies":[{"embeddable":true,"href":"https:\/\/monvalleyradio.com\/regina\/wp-json\/wp\/v2\/comments?post=14"}],"version-history":[{"count":5,"href":"https:\/\/monvalleyradio.com\/regina\/wp-json\/wp\/v2\/pages\/14\/revisions"}],"predecessor-version":[{"id":292,"href":"https:\/\/monvalleyradio.com\/regina\/wp-json\/wp\/v2\/pages\/14\/revisions\/292"}],"wp:attachment":[{"href":"https:\/\/monvalleyradio.com\/regina\/wp-json\/wp\/v2\/media?parent=14"}],"curies":[{"name":"wp","href":"https:\/\/api.w.org\/{rel}","templated":true}]}}