{"id":16,"date":"2022-04-10T02:48:56","date_gmt":"2022-04-10T02:48:56","guid":{"rendered":"https:\/\/monvalleyradio.com\/stjohns\/?page_id=16"},"modified":"2022-05-02T21:08:07","modified_gmt":"2022-05-02T21:08:07","slug":"android-app-privacy-confidentialite-de-lapplication-android","status":"publish","type":"page","link":"https:\/\/monvalleyradio.com\/stjohns\/android-app-privacy-confidentialite-de-lapplication-android\/","title":{"rendered":"ANDROID APP PRIVACY \/ CONFIDENTIALIT\u00c9 DE L&#8217;APPLICATION ANDROID"},"content":{"rendered":"\t\t<div data-elementor-type=\"wp-page\" data-elementor-id=\"16\" class=\"elementor elementor-16\">\n\t\t\t\t\t\t<section class=\"elementor-section elementor-top-section elementor-element elementor-element-28753bf elementor-section-height-full elementor-section-boxed elementor-section-height-default elementor-section-items-middle\" data-id=\"28753bf\" data-element_type=\"section\" data-e-type=\"section\" data-settings=\"{&quot;background_background&quot;:&quot;classic&quot;}\">\n\t\t\t\t\t\t<div class=\"elementor-container elementor-column-gap-default\">\n\t\t\t\t\t<div class=\"elementor-column elementor-col-100 elementor-top-column elementor-element elementor-element-cd7ccc1\" data-id=\"cd7ccc1\" data-element_type=\"column\" data-e-type=\"column\">\n\t\t\t<div class=\"elementor-widget-wrap elementor-element-populated\">\n\t\t\t\t\t\t<section class=\"elementor-section elementor-inner-section elementor-element elementor-element-f268507 elementor-section-boxed elementor-section-height-default elementor-section-height-default\" data-id=\"f268507\" data-element_type=\"section\" data-e-type=\"section\">\n\t\t\t\t\t\t<div class=\"elementor-container elementor-column-gap-default\">\n\t\t\t\t\t<div class=\"elementor-column elementor-col-50 elementor-inner-column elementor-element elementor-element-5041c0b\" data-id=\"5041c0b\" data-element_type=\"column\" data-e-type=\"column\">\n\t\t\t<div class=\"elementor-widget-wrap elementor-element-populated\">\n\t\t\t\t\t\t<div class=\"elementor-element elementor-element-5f08c23 elementor-widget elementor-widget-heading\" data-id=\"5f08c23\" data-element_type=\"widget\" data-e-type=\"widget\" data-widget_type=\"heading.default\">\n\t\t\t\t<div class=\"elementor-widget-container\">\n\t\t\t\t\t<h2 class=\"elementor-heading-title elementor-size-default\">ANDROID APP PRIVACY<\/h2>\t\t\t\t<\/div>\n\t\t\t\t<\/div>\n\t\t\t\t<div class=\"elementor-element elementor-element-ff4feaf elementor-widget elementor-widget-text-editor\" data-id=\"ff4feaf\" data-element_type=\"widget\" data-e-type=\"widget\" data-widget_type=\"text-editor.default\">\n\t\t\t\t<div class=\"elementor-widget-container\">\n\t\t\t\t\t\t\t\t\t<h3>The Mon Valley Radio Android App does not collect any user data during use.<\/h3><h3>In order to provide audio control during Phone App use, the App will monitor the &#8216;state&#8217; of the phone App (Idle, in call, call ended) if applicable on your device.<\/h3><h3>At no point will the App be able to listen in or derive phone numbers or data.<br \/>The Android App also requires access to local storage. This is to store it&#8217;s configuration for faster launch times.<\/h3><h3>For further questions about our Website\u00a0 Privacy Policy, Please Click on the Privacy link at the bottom of the page.<\/h3><h3>Thank You for Visiting Mon Valley Radio.com!<\/h3>\t\t\t\t\t\t\t\t<\/div>\n\t\t\t\t<\/div>\n\t\t\t\t\t<\/div>\n\t\t<\/div>\n\t\t\t\t<div class=\"elementor-column elementor-col-50 elementor-inner-column elementor-element elementor-element-e5b9f88\" data-id=\"e5b9f88\" data-element_type=\"column\" data-e-type=\"column\">\n\t\t\t<div class=\"elementor-widget-wrap elementor-element-populated\">\n\t\t\t\t\t\t<div class=\"elementor-element elementor-element-016d313 elementor-widget elementor-widget-heading\" data-id=\"016d313\" data-element_type=\"widget\" data-e-type=\"widget\" data-widget_type=\"heading.default\">\n\t\t\t\t<div class=\"elementor-widget-container\">\n\t\t\t\t\t<h2 class=\"elementor-heading-title elementor-size-default\">CONFIDENTIALIT\u00c9 DE L'APPLICATION ANDROID<\/h2>\t\t\t\t<\/div>\n\t\t\t\t<\/div>\n\t\t\t\t<div class=\"elementor-element elementor-element-843b759 elementor-widget elementor-widget-text-editor\" data-id=\"843b759\" data-element_type=\"widget\" data-e-type=\"widget\" data-widget_type=\"text-editor.default\">\n\t\t\t\t<div class=\"elementor-widget-container\">\n\t\t\t\t\t\t\t\t\t<h4 id=\"tw-target-text-container\" class=\"tw-ta-container F0azHf tw-nfl\" tabindex=\"0\"><span class=\"VIiyi\" lang=\"fr\"><span class=\"JLqJ4b ChMk0b\" data-language-for-alternatives=\"fr\" data-language-to-translate-into=\"en\" data-phrase-index=\"0\" data-number-of-phrases=\"12\"><span class=\"Q4iAWc\">L&#8217;application Android Mon Valley Radio ne collecte aucune donn\u00e9e utilisateur pendant l&#8217;utilisation.<\/span><\/span> <\/span><\/h4><h4 class=\"tw-ta-container F0azHf tw-nfl\" tabindex=\"0\"><span class=\"VIiyi\" lang=\"fr\"><span class=\"JLqJ4b ChMk0b\" data-language-for-alternatives=\"fr\" data-language-to-translate-into=\"en\" data-phrase-index=\"2\" data-number-of-phrases=\"12\"><span class=\"Q4iAWc\">Afin de fournir un contr\u00f4le audio lors de l&#8217;utilisation de l&#8217;application t\u00e9l\u00e9phonique, l&#8217;application surveillera \u00abl&#8217;\u00e9tat\u00bb de l&#8217;application t\u00e9l\u00e9phonique (inactive, en appel, appel termin\u00e9) le cas \u00e9ch\u00e9ant sur votre appareil.<\/span><\/span> <\/span><\/h4><h4 class=\"tw-ta-container F0azHf tw-nfl\" tabindex=\"0\"><span class=\"VIiyi\" lang=\"fr\"><span class=\"JLqJ4b ChMk0b\" data-language-for-alternatives=\"fr\" data-language-to-translate-into=\"en\" data-phrase-index=\"4\" data-number-of-phrases=\"12\"><span class=\"Q4iAWc\">\u00c0 aucun moment, l&#8217;application ne pourra \u00e9couter ou d\u00e9river des num\u00e9ros de t\u00e9l\u00e9phone ou des donn\u00e9es.<\/span><\/span><\/span><span class=\"VIiyi\" lang=\"fr\"> <span class=\"JLqJ4b ChMk0b\" data-language-for-alternatives=\"fr\" data-language-to-translate-into=\"en\" data-phrase-index=\"6\" data-number-of-phrases=\"12\"><span class=\"Q4iAWc\">L&#8217;application Android n\u00e9cessite \u00e9galement un acc\u00e8s au stockage local.<\/span><\/span> <span class=\"JLqJ4b ChMk0b\" data-language-for-alternatives=\"fr\" data-language-to-translate-into=\"en\" data-phrase-index=\"7\" data-number-of-phrases=\"12\"><span class=\"Q4iAWc\">Il s&#8217;agit de stocker sa configuration pour des temps de lancement plus rapides.<\/span><\/span> <\/span><\/h4><h4 class=\"tw-ta-container F0azHf tw-nfl\" tabindex=\"0\"><span class=\"VIiyi\" lang=\"fr\"><span class=\"JLqJ4b ChMk0b\" data-language-for-alternatives=\"fr\" data-language-to-translate-into=\"en\" data-phrase-index=\"9\" data-number-of-phrases=\"12\"><span class=\"Q4iAWc\">Pour toute autre question concernant la politique de confidentialit\u00e9 de notre site Web, veuillez cliquer sur le lien Confidentialit\u00e9 en bas de la page.<\/span><\/span> <\/span><\/h4><h4 class=\"tw-ta-container F0azHf tw-nfl\" tabindex=\"0\"><span class=\"VIiyi\" lang=\"fr\"><span class=\"JLqJ4b ChMk0b\" data-language-for-alternatives=\"fr\" data-language-to-translate-into=\"en\" data-phrase-index=\"11\" data-number-of-phrases=\"12\"><span class=\"Q4iAWc\">Merci d&#8217;avoir visit\u00e9 Mon Valley Radio.com\u00a0!<\/span><\/span><\/span><\/h4>\t\t\t\t\t\t\t\t<\/div>\n\t\t\t\t<\/div>\n\t\t\t\t\t<\/div>\n\t\t<\/div>\n\t\t\t\t\t<\/div>\n\t\t<\/section>\n\t\t\t\t\t<\/div>\n\t\t<\/div>\n\t\t\t\t\t<\/div>\n\t\t<\/section>\n\t\t\t\t<\/div>\n\t\t","protected":false},"excerpt":{"rendered":"<p>ANDROID APP PRIVACY The Mon Valley Radio Android App does not collect any user data during use. In order to provide audio control during Phone App use, the App will monitor the &#8216;state&#8217; of the phone App (Idle, in call, call ended) if applicable on your device. At no point will the App be able [&hellip;]<\/p>\n","protected":false},"author":1,"featured_media":0,"parent":0,"menu_order":0,"comment_status":"closed","ping_status":"closed","template":"","meta":{"ocean_post_layout":"full-screen","ocean_both_sidebars_style":"","ocean_both_sidebars_content_width":0,"ocean_both_sidebars_sidebars_width":0,"ocean_sidebar":"0","ocean_second_sidebar":"0","ocean_disable_margins":"on","ocean_add_body_class":"","ocean_shortcode_before_top_bar":"","ocean_shortcode_after_top_bar":"","ocean_shortcode_before_header":"","ocean_shortcode_after_header":"","ocean_has_shortcode":"","ocean_shortcode_after_title":"","ocean_shortcode_before_footer_widgets":"","ocean_shortcode_after_footer_widgets":"","ocean_shortcode_before_footer_bottom":"","ocean_shortcode_after_footer_bottom":"","ocean_display_top_bar":"off","ocean_display_header":"off","ocean_header_style":"","ocean_center_header_left_menu":"0","ocean_custom_header_template":"0","ocean_custom_logo":0,"ocean_custom_retina_logo":0,"ocean_custom_logo_max_width":0,"ocean_custom_logo_tablet_max_width":0,"ocean_custom_logo_mobile_max_width":0,"ocean_custom_logo_max_height":0,"ocean_custom_logo_tablet_max_height":0,"ocean_custom_logo_mobile_max_height":0,"ocean_header_custom_menu":"0","ocean_menu_typo_font_family":"0","ocean_menu_typo_font_subset":"","ocean_menu_typo_font_size":0,"ocean_menu_typo_font_size_tablet":0,"ocean_menu_typo_font_size_mobile":0,"ocean_menu_typo_font_size_unit":"px","ocean_menu_typo_font_weight":"","ocean_menu_typo_font_weight_tablet":"","ocean_menu_typo_font_weight_mobile":"","ocean_menu_typo_transform":"","ocean_menu_typo_transform_tablet":"","ocean_menu_typo_transform_mobile":"","ocean_menu_typo_line_height":0,"ocean_menu_typo_line_height_tablet":0,"ocean_menu_typo_line_height_mobile":0,"ocean_menu_typo_line_height_unit":"","ocean_menu_typo_spacing":0,"ocean_menu_typo_spacing_tablet":0,"ocean_menu_typo_spacing_mobile":0,"ocean_menu_typo_spacing_unit":"","ocean_menu_link_color":"","ocean_menu_link_color_hover":"","ocean_menu_link_color_active":"","ocean_menu_link_background":"","ocean_menu_link_hover_background":"","ocean_menu_link_active_background":"","ocean_menu_social_links_bg":"","ocean_menu_social_hover_links_bg":"","ocean_menu_social_links_color":"","ocean_menu_social_hover_links_color":"","ocean_disable_title":"on","ocean_disable_heading":"default","ocean_post_title":"","ocean_post_subheading":"","ocean_post_title_style":"","ocean_post_title_background_color":"","ocean_post_title_background":0,"ocean_post_title_bg_image_position":"","ocean_post_title_bg_image_attachment":"","ocean_post_title_bg_image_repeat":"","ocean_post_title_bg_image_size":"","ocean_post_title_height":0,"ocean_post_title_bg_overlay":0.5,"ocean_post_title_bg_overlay_color":"","ocean_disable_breadcrumbs":"default","ocean_breadcrumbs_color":"","ocean_breadcrumbs_separator_color":"","ocean_breadcrumbs_links_color":"","ocean_breadcrumbs_links_hover_color":"","ocean_display_footer_widgets":"off","ocean_display_footer_bottom":"on","ocean_custom_footer_template":"0","footnotes":""},"class_list":["post-16","page","type-page","status-publish","hentry","entry"],"yoast_head":"<!-- This site is optimized with the Yoast SEO plugin v27.4 - https:\/\/yoast.com\/product\/yoast-seo-wordpress\/ -->\n<title>ANDROID APP PRIVACY \/ CONFIDENTIALIT\u00c9 DE L&#039;APPLICATION ANDROID - Mon Valley Radio St Johns Canada<\/title>\n<meta name=\"robots\" content=\"index, follow, max-snippet:-1, max-image-preview:large, max-video-preview:-1\" \/>\n<link rel=\"canonical\" href=\"https:\/\/monvalleyradio.com\/stjohns\/android-app-privacy-confidentialite-de-lapplication-android\/\" \/>\n<meta property=\"og:locale\" content=\"en_US\" \/>\n<meta property=\"og:type\" content=\"article\" \/>\n<meta property=\"og:title\" content=\"ANDROID APP PRIVACY \/ CONFIDENTIALIT\u00c9 DE L&#039;APPLICATION ANDROID - Mon Valley Radio St Johns Canada\" \/>\n<meta property=\"og:description\" content=\"ANDROID APP PRIVACY The Mon Valley Radio Android App does not collect any user data during use. In order to provide audio control during Phone App use, the App will monitor the &#8216;state&#8217; of the phone App (Idle, in call, call ended) if applicable on your device. At no point will the App be able [&hellip;]\" \/>\n<meta property=\"og:url\" content=\"https:\/\/monvalleyradio.com\/stjohns\/android-app-privacy-confidentialite-de-lapplication-android\/\" \/>\n<meta property=\"og:site_name\" content=\"Mon Valley Radio St Johns Canada\" \/>\n<meta property=\"article:modified_time\" content=\"2022-05-02T21:08:07+00:00\" \/>\n<meta name=\"twitter:card\" content=\"summary_large_image\" \/>\n<meta name=\"twitter:label1\" content=\"Est. reading time\" \/>\n\t<meta name=\"twitter:data1\" content=\"1 minute\" \/>\n<script type=\"application\/ld+json\" class=\"yoast-schema-graph\">{\"@context\":\"https:\\\/\\\/schema.org\",\"@graph\":[{\"@type\":\"WebPage\",\"@id\":\"https:\\\/\\\/monvalleyradio.com\\\/stjohns\\\/android-app-privacy-confidentialite-de-lapplication-android\\\/\",\"url\":\"https:\\\/\\\/monvalleyradio.com\\\/stjohns\\\/android-app-privacy-confidentialite-de-lapplication-android\\\/\",\"name\":\"ANDROID APP PRIVACY \\\/ CONFIDENTIALIT\u00c9 DE L'APPLICATION ANDROID - Mon Valley Radio St Johns Canada\",\"isPartOf\":{\"@id\":\"https:\\\/\\\/monvalleyradio.com\\\/stjohns\\\/#website\"},\"datePublished\":\"2022-04-10T02:48:56+00:00\",\"dateModified\":\"2022-05-02T21:08:07+00:00\",\"breadcrumb\":{\"@id\":\"https:\\\/\\\/monvalleyradio.com\\\/stjohns\\\/android-app-privacy-confidentialite-de-lapplication-android\\\/#breadcrumb\"},\"inLanguage\":\"en-US\",\"potentialAction\":[{\"@type\":\"ReadAction\",\"target\":[\"https:\\\/\\\/monvalleyradio.com\\\/stjohns\\\/android-app-privacy-confidentialite-de-lapplication-android\\\/\"]}]},{\"@type\":\"BreadcrumbList\",\"@id\":\"https:\\\/\\\/monvalleyradio.com\\\/stjohns\\\/android-app-privacy-confidentialite-de-lapplication-android\\\/#breadcrumb\",\"itemListElement\":[{\"@type\":\"ListItem\",\"position\":1,\"name\":\"Home\",\"item\":\"https:\\\/\\\/monvalleyradio.com\\\/stjohns\\\/\"},{\"@type\":\"ListItem\",\"position\":2,\"name\":\"ANDROID APP PRIVACY \\\/ CONFIDENTIALIT\u00c9 DE L&#8217;APPLICATION ANDROID\"}]},{\"@type\":\"WebSite\",\"@id\":\"https:\\\/\\\/monvalleyradio.com\\\/stjohns\\\/#website\",\"url\":\"https:\\\/\\\/monvalleyradio.com\\\/stjohns\\\/\",\"name\":\"Mon Valley Radio St Johns Canada\",\"description\":\"Best Rock Metal EDM Dubstep There Is\",\"potentialAction\":[{\"@type\":\"SearchAction\",\"target\":{\"@type\":\"EntryPoint\",\"urlTemplate\":\"https:\\\/\\\/monvalleyradio.com\\\/stjohns\\\/?s={search_term_string}\"},\"query-input\":{\"@type\":\"PropertyValueSpecification\",\"valueRequired\":true,\"valueName\":\"search_term_string\"}}],\"inLanguage\":\"en-US\"}]}<\/script>\n<!-- \/ Yoast SEO plugin. -->","yoast_head_json":{"title":"ANDROID APP PRIVACY \/ CONFIDENTIALIT\u00c9 DE L'APPLICATION ANDROID - Mon Valley Radio St Johns Canada","robots":{"index":"index","follow":"follow","max-snippet":"max-snippet:-1","max-image-preview":"max-image-preview:large","max-video-preview":"max-video-preview:-1"},"canonical":"https:\/\/monvalleyradio.com\/stjohns\/android-app-privacy-confidentialite-de-lapplication-android\/","og_locale":"en_US","og_type":"article","og_title":"ANDROID APP PRIVACY \/ CONFIDENTIALIT\u00c9 DE L'APPLICATION ANDROID - Mon Valley Radio St Johns Canada","og_description":"ANDROID APP PRIVACY The Mon Valley Radio Android App does not collect any user data during use. In order to provide audio control during Phone App use, the App will monitor the &#8216;state&#8217; of the phone App (Idle, in call, call ended) if applicable on your device. At no point will the App be able [&hellip;]","og_url":"https:\/\/monvalleyradio.com\/stjohns\/android-app-privacy-confidentialite-de-lapplication-android\/","og_site_name":"Mon Valley Radio St Johns Canada","article_modified_time":"2022-05-02T21:08:07+00:00","twitter_card":"summary_large_image","twitter_misc":{"Est. reading time":"1 minute"},"schema":{"@context":"https:\/\/schema.org","@graph":[{"@type":"WebPage","@id":"https:\/\/monvalleyradio.com\/stjohns\/android-app-privacy-confidentialite-de-lapplication-android\/","url":"https:\/\/monvalleyradio.com\/stjohns\/android-app-privacy-confidentialite-de-lapplication-android\/","name":"ANDROID APP PRIVACY \/ CONFIDENTIALIT\u00c9 DE L'APPLICATION ANDROID - Mon Valley Radio St Johns Canada","isPartOf":{"@id":"https:\/\/monvalleyradio.com\/stjohns\/#website"},"datePublished":"2022-04-10T02:48:56+00:00","dateModified":"2022-05-02T21:08:07+00:00","breadcrumb":{"@id":"https:\/\/monvalleyradio.com\/stjohns\/android-app-privacy-confidentialite-de-lapplication-android\/#breadcrumb"},"inLanguage":"en-US","potentialAction":[{"@type":"ReadAction","target":["https:\/\/monvalleyradio.com\/stjohns\/android-app-privacy-confidentialite-de-lapplication-android\/"]}]},{"@type":"BreadcrumbList","@id":"https:\/\/monvalleyradio.com\/stjohns\/android-app-privacy-confidentialite-de-lapplication-android\/#breadcrumb","itemListElement":[{"@type":"ListItem","position":1,"name":"Home","item":"https:\/\/monvalleyradio.com\/stjohns\/"},{"@type":"ListItem","position":2,"name":"ANDROID APP PRIVACY \/ CONFIDENTIALIT\u00c9 DE L&#8217;APPLICATION ANDROID"}]},{"@type":"WebSite","@id":"https:\/\/monvalleyradio.com\/stjohns\/#website","url":"https:\/\/monvalleyradio.com\/stjohns\/","name":"Mon Valley Radio St Johns Canada","description":"Best Rock Metal EDM Dubstep There Is","potentialAction":[{"@type":"SearchAction","target":{"@type":"EntryPoint","urlTemplate":"https:\/\/monvalleyradio.com\/stjohns\/?s={search_term_string}"},"query-input":{"@type":"PropertyValueSpecification","valueRequired":true,"valueName":"search_term_string"}}],"inLanguage":"en-US"}]}},"jetpack_sharing_enabled":true,"_links":{"self":[{"href":"https:\/\/monvalleyradio.com\/stjohns\/wp-json\/wp\/v2\/pages\/16","targetHints":{"allow":["GET"]}}],"collection":[{"href":"https:\/\/monvalleyradio.com\/stjohns\/wp-json\/wp\/v2\/pages"}],"about":[{"href":"https:\/\/monvalleyradio.com\/stjohns\/wp-json\/wp\/v2\/types\/page"}],"author":[{"embeddable":true,"href":"https:\/\/monvalleyradio.com\/stjohns\/wp-json\/wp\/v2\/users\/1"}],"replies":[{"embeddable":true,"href":"https:\/\/monvalleyradio.com\/stjohns\/wp-json\/wp\/v2\/comments?post=16"}],"version-history":[{"count":5,"href":"https:\/\/monvalleyradio.com\/stjohns\/wp-json\/wp\/v2\/pages\/16\/revisions"}],"predecessor-version":[{"id":118,"href":"https:\/\/monvalleyradio.com\/stjohns\/wp-json\/wp\/v2\/pages\/16\/revisions\/118"}],"wp:attachment":[{"href":"https:\/\/monvalleyradio.com\/stjohns\/wp-json\/wp\/v2\/media?parent=16"}],"curies":[{"name":"wp","href":"https:\/\/api.w.org\/{rel}","templated":true}]}}